{"id":4613,"date":"2024-04-05T10:16:33","date_gmt":"2024-04-05T08:16:33","guid":{"rendered":"https:\/\/munacuadros.com\/?post_type=product&#038;p=4613"},"modified":"2025-07-12T03:22:04","modified_gmt":"2025-07-12T01:22:04","slug":"portaretratos-con-broches-pompon-y-luces","status":"publish","type":"product","link":"https:\/\/munacuadros.com\/index.php\/producto\/portaretratos-con-broches-pompon-y-luces\/","title":{"rendered":"Portaretratos con broches pomp\u00f3n y luces"},"content":{"rendered":"<p>Tira con pompones led con 7 broches para colgar lo que quieras. Admite fotos de distintos tama\u00f1os.<\/p>\n<p>CANTIDAD DE FOTOS<br \/>\n7<\/p>\n<p>COLORES<br \/>\nRosa<\/p>\n<p>MATERIAL<br \/>\nCart\u00f3n<\/p>\n<p>MEDIDA DE FOTO<br \/>\nM\u00faltiples tipo Polaroid o hasta 10 cm x 15 cm aproximadamente<\/p>\n","protected":false},"excerpt":{"rendered":"<p>Tira con pompones led con 7 broches para colgar lo que quieras. Admite fotos de distintos tama\u00f1os. CANTIDAD DE FOTOS 7 COLORES Rosa MATERIAL Cart\u00f3n MEDIDA DE FOTO M\u00faltiples tipo Polaroid o hasta 10 cm x 15 cm aproximadamente<\/p>\n","protected":false},"featured_media":4614,"comment_status":"open","ping_status":"closed","template":"","meta":{"site-sidebar-layout":"default","site-content-layout":"","ast-site-content-layout":"default","site-content-style":"default","site-sidebar-style":"default","ast-global-header-display":"","ast-banner-title-visibility":"","ast-main-header-display":"","ast-hfb-above-header-display":"","ast-hfb-below-header-display":"","ast-hfb-mobile-header-display":"","site-post-title":"","ast-breadcrumbs-content":"","ast-featured-img":"","footer-sml-layout":"","theme-transparent-header-meta":"default","adv-header-id-meta":"","stick-header-meta":"","header-above-stick-meta":"","header-main-stick-meta":"","header-below-stick-meta":"","astra-migrate-meta-layouts":"set","ast-page-background-enabled":"default","ast-page-background-meta":{"desktop":{"background-color":"","background-image":"","background-repeat":"repeat","background-position":"center center","background-size":"auto","background-attachment":"scroll","background-type":"","background-media":"","overlay-type":"","overlay-color":"","overlay-opacity":"","overlay-gradient":""},"tablet":{"background-color":"","background-image":"","background-repeat":"repeat","background-position":"center center","background-size":"auto","background-attachment":"scroll","background-type":"","background-media":"","overlay-type":"","overlay-color":"","overlay-opacity":"","overlay-gradient":""},"mobile":{"background-color":"","background-image":"","background-repeat":"repeat","background-position":"center center","background-size":"auto","background-attachment":"scroll","background-type":"","background-media":"","overlay-type":"","overlay-color":"","overlay-opacity":"","overlay-gradient":""}},"ast-content-background-meta":{"desktop":{"background-color":"var(--ast-global-color-5)","background-image":"","background-repeat":"repeat","background-position":"center center","background-size":"auto","background-attachment":"scroll","background-type":"","background-media":"","overlay-type":"","overlay-color":"","overlay-opacity":"","overlay-gradient":""},"tablet":{"background-color":"var(--ast-global-color-5)","background-image":"","background-repeat":"repeat","background-position":"center center","background-size":"auto","background-attachment":"scroll","background-type":"","background-media":"","overlay-type":"","overlay-color":"","overlay-opacity":"","overlay-gradient":""},"mobile":{"background-color":"var(--ast-global-color-5)","background-image":"","background-repeat":"repeat","background-position":"center center","background-size":"auto","background-attachment":"scroll","background-type":"","background-media":"","overlay-type":"","overlay-color":"","overlay-opacity":"","overlay-gradient":""}},"_themeisle_gutenberg_block_has_review":false,"_joinchat":[]},"product_brand":[],"product_cat":[15],"product_tag":[],"class_list":{"0":"post-4613","1":"product","2":"type-product","3":"status-publish","4":"has-post-thumbnail","6":"product_cat-sin-categorizar","7":"desktop-align-left","8":"tablet-align-left","9":"mobile-align-left","11":"first","12":"instock","13":"shipping-taxable","14":"purchasable","15":"product-type-simple"},"_links":{"self":[{"href":"https:\/\/munacuadros.com\/index.php\/wp-json\/wp\/v2\/product\/4613","targetHints":{"allow":["GET"]}}],"collection":[{"href":"https:\/\/munacuadros.com\/index.php\/wp-json\/wp\/v2\/product"}],"about":[{"href":"https:\/\/munacuadros.com\/index.php\/wp-json\/wp\/v2\/types\/product"}],"replies":[{"embeddable":true,"href":"https:\/\/munacuadros.com\/index.php\/wp-json\/wp\/v2\/comments?post=4613"}],"version-history":[{"count":2,"href":"https:\/\/munacuadros.com\/index.php\/wp-json\/wp\/v2\/product\/4613\/revisions"}],"predecessor-version":[{"id":4620,"href":"https:\/\/munacuadros.com\/index.php\/wp-json\/wp\/v2\/product\/4613\/revisions\/4620"}],"wp:featuredmedia":[{"embeddable":true,"href":"https:\/\/munacuadros.com\/index.php\/wp-json\/wp\/v2\/media\/4614"}],"wp:attachment":[{"href":"https:\/\/munacuadros.com\/index.php\/wp-json\/wp\/v2\/media?parent=4613"}],"wp:term":[{"taxonomy":"product_brand","embeddable":true,"href":"https:\/\/munacuadros.com\/index.php\/wp-json\/wp\/v2\/product_brand?post=4613"},{"taxonomy":"product_cat","embeddable":true,"href":"https:\/\/munacuadros.com\/index.php\/wp-json\/wp\/v2\/product_cat?post=4613"},{"taxonomy":"product_tag","embeddable":true,"href":"https:\/\/munacuadros.com\/index.php\/wp-json\/wp\/v2\/product_tag?post=4613"}],"curies":[{"name":"wp","href":"https:\/\/api.w.org\/{rel}","templated":true}]}}